{"id":30,"date":"2008-08-08T10:05:22","date_gmt":"2008-08-08T09:05:22","guid":{"rendered":"http:\/\/www.2gas-station.net\/2gas-stationblog\/?page_id=30"},"modified":"2023-05-13T08:09:31","modified_gmt":"2023-05-13T06:09:31","slug":"frischer-wind-fur-die-kunst","status":"publish","type":"page","link":"https:\/\/www.2gas-station.net\/2gas-stationblog\/?page_id=30","title":{"rendered":"Frischer Wind f\u00fcr die Kunst"},"content":{"rendered":"<p>G.A.S-station &#8211; Tankstelle f\u00fcr Kunst und Impuls.<br \/>\nWiener K\u00fcnstler schaffen einen neuen Kunst-Projekt-Raum in Berlin-Kreuzberg.<br \/>\nAuch wenn es der Name vielleicht suggeriert, aber hier gibt es garantiert keinen billigen Treibstoff zu kaufen. Hinter dem Schild &#8222;G.A.S-station &#8211; Tankstelle f\u00fcr Kunst und Impuls.&#8220; verbirgt sich ein neuer Kunst-Projekt-Raum in Berlin-Kreuzberg. Die Initiatoren und Leiter des Projektes, Elisa Asenbaum und Thomas Stuck, sind schon seit 1987 in den Bereichen Video, Sound und Malerei unter dem Label G.A.S (Grafic, Art &amp; Sound) k\u00fcnstlerisch t\u00e4tig. Mit der &#8222;G.A.S-station &#8211; Tankstelle f\u00fcr Kunst und Impuls.&#8220;haben sich die beiden Wiener K\u00fcnstler im multikulturellen Stadtbezirk Kreuzberg in Berlin einen lang gehegten Traum erf\u00fcllt.<\/p>\n<p>Sechs Monate lang hatten Anwohner, Nachbarn und Passanten in der Tempelherrenstra\u00dfe neugierige Blicke durch die Glasscheibe oder Eingangst\u00fcr des ehemaligen Schusterladens geworfen, um zu sehen, was dahinter so eifrig gewerkelt und gearbeitet wird. Da wurden W\u00e4nde weggerissen und Fenster neu gesetzt, alte Mauerb\u00f6gen freigelegt, Stromleitungen gezogen und der Fu\u00dfboden mit alten Holzbohlen neu verlegt. Auf 150 Quadratmeter Gesamtfl\u00e4che ist ein neuer Kunst-Projekt-Raum entstanden: gro\u00dfz\u00fcgig, hell, modern und trotzdem die alte Substanz in seiner Sch\u00f6nheit erhaltend. Am 21. Juni 2008 konnten sich Anwohner, K\u00fcnstler und Kunstinteressierte dann von ihren neuen Nachbarn und den M\u00f6glichkeiten des neuen Konzeptraumes \u00fcberzeugen und inspirieren lassen. &#8222;Bon Voyage! Mit vollem Tank einen guten Start in die Zukunft!&#8220;, schreibt die Berliner Autorin und Filmemacherin Claudia Schmidt, mit einem holl\u00e4ndischen Maler eine der Er\u00f6ffnungsbesucher, den beiden K\u00fcnstlern ins G\u00e4stebuch.<\/p>\n<p>Schon der Name des Kunstplatzes macht deutlich, dass es den Initiatoren Elisa Asenbaum und Thomas Stuck um neue Impulse und Ans\u00e4tze f\u00fcr die k\u00fcnstlerische Arbeit, Inspirationen und das Ansto\u00dfen gesellschaftlicher Debatten geht. Dem traditionellen Leitsatz &#8222;Der Kunst ihre Freiheit&#8220; sehen sich die beiden K\u00fcnstler verpflichtet. &#8222;Wenn es uns gelingt, den interdisziplin\u00e4ren Austausch voranzutreiben und eine Br\u00fccke zwischen Kunst und anderen Wissenschaften zu schlagen, dann w\u00e4ren wir unserem Ziel einen guten Schritt n\u00e4her,&#8220; umschreibt Elisa Asenbaum ihre Intentionen. An der Gleichsetzung von k\u00fcnstlerischem Wert und Marktwert sind die Initiatoren nicht in erster Linie interessiert, sondern vielmehr an einem freien, inspirierendem Austausch \u00fcber aktuelle, gesellschaftlich relevante Themen mit einer kunstinteressierten \u00d6ffentlichkeit, intellektuellen Kr\u00e4ften aus allen Bereichen von Kunst und Wissenschaft sowie Vertretern der Medien.<\/p>\n<p>Im Unterschied zu einer klassischen Galerie versteht sich G.A.S-station als Kunst-Projekt-Raum, der von K\u00fcnstlern selbst geleitet und organisiert wird. &#8222;Solche Projektr\u00e4ume sind informelle Netze, die K\u00fcnstlern die M\u00f6glichkeit bieten, zu eigenen Bedingungen am Kunstbetrieb teilzunehmen,&#8220; sagt Thomas Stuck. Allerdings sei auch zus\u00e4tzliche F\u00f6rderung und Unterst\u00fctzung n\u00f6tig. &#8222;Wir schaffen einen Ort zum Austausch, eine geeignete Plattform.&#8220; Jetzt muss die Plattform mit vielf\u00e4ltigen Kontakten, Ideen und kreativen Impulsen gefestigt werden.<\/p>\n<p>Am 21.Oktober 2008 startet das erste themenspezifische Ausstellungsprojekt in der G.A.S-station unter dem Titel &#8222;eMOTION&#8220; &#8211; Auseinandersetzungen rund um das Thema Bewegung und Bewegung im Gef\u00fchl. Aus Videoarbeiten, Fotoserien, Werken der bildenden Kunst, Installationen und theoretischen Arbeiten wird die Auswahl f\u00fcr diese Ausstellung getroffen. Mit Hilfe ganz unterschiedlicher k\u00fcnstlerischer und theoretischer Herangehensweisen erm\u00f6glichen die Objekte im Zusammenwirken ein weit gef\u00e4chertes Assoziationsfeld aus Bild, Text und Klang rund um BEWEGUNG &amp; EMOTION.<\/p>\n<p style=\"text-align: right\">Ina Krau\u00df (Freie Journalistin, Berlin)<\/p>\n","protected":false},"excerpt":{"rendered":"<p>G.A.S-station &#8211; Tankstelle f\u00fcr Kunst und Impuls. Wiener K\u00fcnstler schaffen einen neuen Kunst-Projekt-Raum in Berlin-Kreuzberg. Auch wenn es der Name vielleicht suggeriert, aber hier gibt es garantiert keinen billigen Treibstoff zu kaufen. Hinter dem Schild &#8222;G.A.S-station &#8211; Tankstelle f\u00fcr Kunst und Impuls.&#8220; verbirgt sich ein neuer Kunst-Projekt-Raum in Berlin-Kreuzberg. Die Initiatoren und Leiter des Projektes, [&hellip;]<\/p>\n","protected":false},"author":4,"featured_media":0,"parent":0,"menu_order":5,"comment_status":"closed","ping_status":"open","template":"","meta":{"ocean_post_layout":"","ocean_both_sidebars_style":"","ocean_both_sidebars_content_width":0,"ocean_both_sidebars_sidebars_width":0,"ocean_sidebar":"0","ocean_second_sidebar":"0","ocean_disable_margins":"enable","ocean_add_body_class":"","ocean_shortcode_before_top_bar":"","ocean_shortcode_after_top_bar":"","ocean_shortcode_before_header":"","ocean_shortcode_after_header":"","ocean_has_shortcode":"","ocean_shortcode_after_title":"","ocean_shortcode_before_footer_widgets":"","ocean_shortcode_after_footer_widgets":"","ocean_shortcode_before_footer_bottom":"","ocean_shortcode_after_footer_bottom":"","ocean_display_top_bar":"default","ocean_display_header":"default","ocean_header_style":"","ocean_center_header_left_menu":"0","ocean_custom_header_template":"0","ocean_custom_logo":0,"ocean_custom_retina_logo":0,"ocean_custom_logo_max_width":0,"ocean_custom_logo_tablet_max_width":0,"ocean_custom_logo_mobile_max_width":0,"ocean_custom_logo_max_height":0,"ocean_custom_logo_tablet_max_height":0,"ocean_custom_logo_mobile_max_height":0,"ocean_header_custom_menu":"0","ocean_menu_typo_font_family":"0","ocean_menu_typo_font_subset":"","ocean_menu_typo_font_size":0,"ocean_menu_typo_font_size_tablet":0,"ocean_menu_typo_font_size_mobile":0,"ocean_menu_typo_font_size_unit":"px","ocean_menu_typo_font_weight":"","ocean_menu_typo_font_weight_tablet":"","ocean_menu_typo_font_weight_mobile":"","ocean_menu_typo_transform":"","ocean_menu_typo_transform_tablet":"","ocean_menu_typo_transform_mobile":"","ocean_menu_typo_line_height":0,"ocean_menu_typo_line_height_tablet":0,"ocean_menu_typo_line_height_mobile":0,"ocean_menu_typo_line_height_unit":"","ocean_menu_typo_spacing":0,"ocean_menu_typo_spacing_tablet":0,"ocean_menu_typo_spacing_mobile":0,"ocean_menu_typo_spacing_unit":"","ocean_menu_link_color":"","ocean_menu_link_color_hover":"","ocean_menu_link_color_active":"","ocean_menu_link_background":"","ocean_menu_link_hover_background":"","ocean_menu_link_active_background":"","ocean_menu_social_links_bg":"","ocean_menu_social_hover_links_bg":"","ocean_menu_social_links_color":"","ocean_menu_social_hover_links_color":"","ocean_disable_title":"default","ocean_disable_heading":"default","ocean_post_title":"","ocean_post_subheading":"","ocean_post_title_style":"","ocean_post_title_background_color":"","ocean_post_title_background":0,"ocean_post_title_bg_image_position":"","ocean_post_title_bg_image_attachment":"","ocean_post_title_bg_image_repeat":"","ocean_post_title_bg_image_size":"","ocean_post_title_height":0,"ocean_post_title_bg_overlay":0.5,"ocean_post_title_bg_overlay_color":"","ocean_disable_breadcrumbs":"default","ocean_breadcrumbs_color":"","ocean_breadcrumbs_separator_color":"","ocean_breadcrumbs_links_color":"","ocean_breadcrumbs_links_hover_color":"","ocean_display_footer_widgets":"default","ocean_display_footer_bottom":"default","ocean_custom_footer_template":"0","footnotes":""},"class_list":["post-30","page","type-page","status-publish","hentry","entry"],"_links":{"self":[{"href":"https:\/\/www.2gas-station.net\/2gas-stationblog\/index.php?rest_route=\/wp\/v2\/pages\/30","targetHints":{"allow":["GET"]}}],"collection":[{"href":"https:\/\/www.2gas-station.net\/2gas-stationblog\/index.php?rest_route=\/wp\/v2\/pages"}],"about":[{"href":"https:\/\/www.2gas-station.net\/2gas-stationblog\/index.php?rest_route=\/wp\/v2\/types\/page"}],"author":[{"embeddable":true,"href":"https:\/\/www.2gas-station.net\/2gas-stationblog\/index.php?rest_route=\/wp\/v2\/users\/4"}],"replies":[{"embeddable":true,"href":"https:\/\/www.2gas-station.net\/2gas-stationblog\/index.php?rest_route=%2Fwp%2Fv2%2Fcomments&post=30"}],"version-history":[{"count":1,"href":"https:\/\/www.2gas-station.net\/2gas-stationblog\/index.php?rest_route=\/wp\/v2\/pages\/30\/revisions"}],"predecessor-version":[{"id":1417,"href":"https:\/\/www.2gas-station.net\/2gas-stationblog\/index.php?rest_route=\/wp\/v2\/pages\/30\/revisions\/1417"}],"wp:attachment":[{"href":"https:\/\/www.2gas-station.net\/2gas-stationblog\/index.php?rest_route=%2Fwp%2Fv2%2Fmedia&parent=30"}],"curies":[{"name":"wp","href":"https:\/\/api.w.org\/{rel}","templated":true}]}}