{"id":323,"date":"2011-02-18T16:42:50","date_gmt":"2011-02-18T15:42:50","guid":{"rendered":"http:\/\/www.2gas-station.net\/2gas-stationblog\/?page_id=323"},"modified":"2026-02-23T17:47:56","modified_gmt":"2026-02-23T16:47:56","slug":"schaufenster","status":"publish","type":"page","link":"https:\/\/www.2gas-station.net\/2gas-stationblog\/?page_id=323","title":{"rendered":"Das Fenster"},"content":{"rendered":"<p>Von der Realit\u00e4t in die virtuelle Realit\u00e4t und zur\u00fcck.<br \/>\nEine interaktive Aktion der G.A.S-station.<\/p>\n<p><img fetchpriority=\"high\" decoding=\"async\" class=\"alignnone wp-image-1614 size-full\" src=\"https:\/\/www.2gas-station.net\/medien\/Schauf\/FE-Maria2000.jpg\" alt=\"\" width=\"582\" height=\"788\" \/><\/p>\n<p><strong>TMS<\/strong><br \/>\n<em>Maria 2000<\/em><\/p>\n<p>Eine Person, nicht eindeutig identifizierbar, steht in einem dunklen rot beleuchteten Raum und wird von einer kleinen Gl\u00fchbirne von oben beleuchtet.<\/p>\n<p>[ENGL]<\/p>\n<p>A person, not clearly identifiable, stands in a dark red-lit room and is illuminated from above by a small light bulb.<\/p>\n<p>daily\/t\u00e4glich: 10\u201317 Uhr<\/p>\n","protected":false},"excerpt":{"rendered":"<p>Von der Realit\u00e4t in die virtuelle Realit\u00e4t und zur\u00fcck. Eine interaktive Aktion der G.A.S-station. TMS Maria 2000 Eine Person, nicht eindeutig identifizierbar, steht in einem dunklen rot beleuchteten Raum und wird von einer kleinen Gl\u00fchbirne von oben beleuchtet. [ENGL] A person, not clearly identifiable, stands in a dark red-lit room and is illuminated from above [&hellip;]<\/p>\n","protected":false},"author":4,"featured_media":0,"parent":0,"menu_order":1,"comment_status":"open","ping_status":"closed","template":"","meta":{"ocean_post_layout":"","ocean_both_sidebars_style":"","ocean_both_sidebars_content_width":0,"ocean_both_sidebars_sidebars_width":0,"ocean_sidebar":"0","ocean_second_sidebar":"0","ocean_disable_margins":"enable","ocean_add_body_class":"","ocean_shortcode_before_top_bar":"","ocean_shortcode_after_top_bar":"","ocean_shortcode_before_header":"","ocean_shortcode_after_header":"","ocean_has_shortcode":"","ocean_shortcode_after_title":"","ocean_shortcode_before_footer_widgets":"","ocean_shortcode_after_footer_widgets":"","ocean_shortcode_before_footer_bottom":"","ocean_shortcode_after_footer_bottom":"","ocean_display_top_bar":"default","ocean_display_header":"default","ocean_header_style":"","ocean_center_header_left_menu":"0","ocean_custom_header_template":"0","ocean_custom_logo":0,"ocean_custom_retina_logo":0,"ocean_custom_logo_max_width":0,"ocean_custom_logo_tablet_max_width":0,"ocean_custom_logo_mobile_max_width":0,"ocean_custom_logo_max_height":0,"ocean_custom_logo_tablet_max_height":0,"ocean_custom_logo_mobile_max_height":0,"ocean_header_custom_menu":"0","ocean_menu_typo_font_family":"0","ocean_menu_typo_font_subset":"","ocean_menu_typo_font_size":0,"ocean_menu_typo_font_size_tablet":0,"ocean_menu_typo_font_size_mobile":0,"ocean_menu_typo_font_size_unit":"px","ocean_menu_typo_font_weight":"","ocean_menu_typo_font_weight_tablet":"","ocean_menu_typo_font_weight_mobile":"","ocean_menu_typo_transform":"","ocean_menu_typo_transform_tablet":"","ocean_menu_typo_transform_mobile":"","ocean_menu_typo_line_height":0,"ocean_menu_typo_line_height_tablet":0,"ocean_menu_typo_line_height_mobile":0,"ocean_menu_typo_line_height_unit":"","ocean_menu_typo_spacing":0,"ocean_menu_typo_spacing_tablet":0,"ocean_menu_typo_spacing_mobile":0,"ocean_menu_typo_spacing_unit":"","ocean_menu_link_color":"","ocean_menu_link_color_hover":"","ocean_menu_link_color_active":"","ocean_menu_link_background":"","ocean_menu_link_hover_background":"","ocean_menu_link_active_background":"","ocean_menu_social_links_bg":"","ocean_menu_social_hover_links_bg":"","ocean_menu_social_links_color":"","ocean_menu_social_hover_links_color":"","ocean_disable_title":"default","ocean_disable_heading":"default","ocean_post_title":"","ocean_post_subheading":"","ocean_post_title_style":"","ocean_post_title_background_color":"","ocean_post_title_background":0,"ocean_post_title_bg_image_position":"","ocean_post_title_bg_image_attachment":"","ocean_post_title_bg_image_repeat":"","ocean_post_title_bg_image_size":"","ocean_post_title_height":0,"ocean_post_title_bg_overlay":0.5,"ocean_post_title_bg_overlay_color":"","ocean_disable_breadcrumbs":"default","ocean_breadcrumbs_color":"","ocean_breadcrumbs_separator_color":"","ocean_breadcrumbs_links_color":"","ocean_breadcrumbs_links_hover_color":"","ocean_display_footer_widgets":"default","ocean_display_footer_bottom":"default","ocean_custom_footer_template":"0","footnotes":""},"class_list":["post-323","page","type-page","status-publish","hentry","entry"],"_links":{"self":[{"href":"https:\/\/www.2gas-station.net\/2gas-stationblog\/index.php?rest_route=\/wp\/v2\/pages\/323","targetHints":{"allow":["GET"]}}],"collection":[{"href":"https:\/\/www.2gas-station.net\/2gas-stationblog\/index.php?rest_route=\/wp\/v2\/pages"}],"about":[{"href":"https:\/\/www.2gas-station.net\/2gas-stationblog\/index.php?rest_route=\/wp\/v2\/types\/page"}],"author":[{"embeddable":true,"href":"https:\/\/www.2gas-station.net\/2gas-stationblog\/index.php?rest_route=\/wp\/v2\/users\/4"}],"replies":[{"embeddable":true,"href":"https:\/\/www.2gas-station.net\/2gas-stationblog\/index.php?rest_route=%2Fwp%2Fv2%2Fcomments&post=323"}],"version-history":[{"count":200,"href":"https:\/\/www.2gas-station.net\/2gas-stationblog\/index.php?rest_route=\/wp\/v2\/pages\/323\/revisions"}],"predecessor-version":[{"id":1924,"href":"https:\/\/www.2gas-station.net\/2gas-stationblog\/index.php?rest_route=\/wp\/v2\/pages\/323\/revisions\/1924"}],"wp:attachment":[{"href":"https:\/\/www.2gas-station.net\/2gas-stationblog\/index.php?rest_route=%2Fwp%2Fv2%2Fmedia&parent=323"}],"curies":[{"name":"wp","href":"https:\/\/api.w.org\/{rel}","templated":true}]}}