{"id":83,"date":"2008-11-26T17:56:01","date_gmt":"2008-11-26T16:56:01","guid":{"rendered":"http:\/\/www.2gas-station.net\/2gas-stationblog\/?page_id=83"},"modified":"2026-02-13T11:36:08","modified_gmt":"2026-02-13T10:36:08","slug":"kunstler","status":"publish","type":"page","link":"https:\/\/www.2gas-station.net\/2gas-stationblog\/?page_id=83","title":{"rendered":"K\u00fcnstlerInnen"},"content":{"rendered":"<table border=\"0\" width=\"98%\" cellspacing=\"0\" cellpadding=\"0\">\n<tbody>\n<tr align=\"right\">\n<td align=\"left\" width=\"266\" height=\"20\"><\/td>\n<td align=\"right\" width=\"15\" height=\"20\"><\/td>\n<td align=\"right\" height=\"20\"><\/td>\n<\/tr>\n<tr align=\"right\">\n<td align=\"left\" width=\"266\" height=\"20\"><\/td>\n<td align=\"right\" width=\"15\" height=\"20\"><\/td>\n<td align=\"right\" height=\"20\"><\/td>\n<\/tr>\n<tr align=\"right\">\n<td align=\"left\" valign=\"bottom\" width=\"266\" height=\"20\"><img fetchpriority=\"high\" decoding=\"async\" src=\"..\/medien\/kuenstlerinnen\/arnoldreinisch1.jpg\" alt=\"Arnold Reinisch\" width=\"250\" height=\"333\" border=\"0\" \/><\/td>\n<td align=\"right\" width=\"15\" height=\"20\"><\/td>\n<td align=\"left\" valign=\"bottom\" height=\"20\">\n<div><span class=\"text\"><strong>Arnold Reinisch<br \/>\n<\/strong> &#8222;Desperate Housewives \u2013 Carmen&#8220; stammt aus der st\u00e4ndig in Erweiterung befindlichen Werkgruppe Resurr\u20ac\u00a9tion. Resurr\u20ac\u00a9tion ist eine ironisch-zynische Paraphrase auf biogenetische Forschung und Entwicklung. In Arnold Reinischs Arbeiten erscheinen Haushaltsger\u00e4te und andere Maschinen als biomorphe Wesen und nehmen individuelle Z\u00fcge an. Die hier gezeigte Carmen tr\u00e4gt ein Tatoo, das beliebte Hirschgeweih, auf ihren Lenden und lehnt nach vollbrachter Saugarbeit an der Tapete. Er wurde 1962 in Graz geboren. Ausstellungst\u00e4tigkeit seit Beginn der 90er-Jahre mit Einzelausstellungen und Beteiligungen in \u00d6sterreich, Deutschland, Frankreich, Holland, Slowenien, Ungarn und Israel, zuletzt in Berlin, Wien und Leibnitz.<\/span><\/div>\n<\/td>\n<\/tr>\n<tr align=\"right\">\n<td align=\"left\" width=\"266\" height=\"20\"><span class=\"text\"><span class=\"text\">Desperate Housewifes-Carmen, 2009,<br \/>\nFoto aus der Werkgruppe Resurr\u20ac\u00a9tion,<br \/>\n40 x 30 cm<\/span><\/span><\/td>\n<td align=\"right\" width=\"15\" height=\"20\"><\/td>\n<td align=\"right\" height=\"20\"><\/td>\n<\/tr>\n<tr align=\"right\">\n<td align=\"left\" width=\"266\" height=\"20\"><\/td>\n<td align=\"right\" width=\"15\" height=\"20\"><\/td>\n<td align=\"right\" height=\"20\"><\/td>\n<\/tr>\n<tr align=\"right\">\n<td align=\"left\" valign=\"bottom\" width=\"266\" height=\"20\">\n<div><img decoding=\"async\" src=\"..\/medien\/kuenstlerinnen\/3073_04a.jpg\" alt=\"Marko Zink 3073-04a\" width=\"250\" height=\"377\" border=\"0\" \/><\/div>\n<\/td>\n<td align=\"right\" width=\"15\" height=\"20\"><\/td>\n<td align=\"left\" valign=\"bottom\" height=\"20\">\n<div><span class=\"text\"><strong>Marko Zink<br \/>\n<\/strong> In der Serie \u201cSchwimmer\u201c, die Marko Zink 2004 gestartet hat, gelingt es dem K\u00fcnstler, unbelebte Materie zu beleben: Aus einem Ding wird ein Subjekt. Das Wasser schafft sozusagen das Volumen der Kleider, die er im Meer treiben l\u00e4sst: leicht, schwerelos und zeitlos. Ausstellungen bei Galerie Lisi H\u00e4mmerle\/AUT: \u201cwer\u2019s glaubt\u201c, 2009; Museum of New Arts\/US: \u201caustria for beginners\u201c, 2009; Galerie Michaela Stock\/AUT: \u201ces ist so\u201c, 2008; Galerie Michaela Stock\/AUT: \u201chybrid und muse\u201c, 2009; Galerie Westlicht\/AUT: \u201ccamera auction\u201c, 2009; ViennaArtFair\/AUT, 2009.<\/span><\/div>\n<\/td>\n<\/tr>\n<tr align=\"right\">\n<td align=\"left\" width=\"266\" height=\"20\"><span class=\"text\">Aus der Serie Schwimmer, sporthose, 2009,\u00a0 Foto prints auf Diasec, 70 x 45 cm<\/span><\/td>\n<td align=\"right\" width=\"15\" height=\"20\"><\/td>\n<td align=\"right\" height=\"20\"><\/td>\n<\/tr>\n<tr align=\"right\">\n<td align=\"left\" width=\"266\" height=\"20\"><\/td>\n<td align=\"right\" width=\"15\" height=\"20\"><\/td>\n<td align=\"right\" height=\"20\"><\/td>\n<\/tr>\n<tr align=\"right\">\n<td align=\"left\" valign=\"bottom\" width=\"266\" height=\"20\"><img decoding=\"async\" src=\"..\/medien\/kuenstlerinnen\/YikuiCoyGu1.jpg\" alt=\"Yikui (Coy) Gu\" width=\"230\" height=\"481\" border=\"0\" \/><\/td>\n<td align=\"right\" width=\"15\" height=\"20\"><\/td>\n<td align=\"left\" valign=\"bottom\" height=\"20\">\n<div><span class=\"text\"><strong>Yikui (Coy) Gu<br \/>\n<\/strong> Yikui&#8217;s (Coy&#8217;s) work approaches the the word thing by it&#8217;s sexual significance and multi-layered meaning \u2013 that is to say, the usual omission of mentioning the proper terms like penis, cock, male gender a.s.o&#8230; be it because of a taboo or simply because of the difficulticy to find an appropriate word. The general term thing &#8211; big deal! Are we talking about an it? An object? An odd thing this filthy thing. The main thing is, it&#8217;s a good thing \u2013 becomes signifier of the particular. He studied Fine Arts at the Long Island University (BA) and at the Pennsylvania Academy of the Fine Arts (MA).<\/span><\/div>\n<\/td>\n<\/tr>\n<tr align=\"right\">\n<td align=\"left\" width=\"266\" height=\"20\"><span class=\"text\"><span class=\"text\">Black where it matters, 2010,\u00a0 digitally manipulated photograph, Alu-Dibond,<br \/>\n50 x 25 cm<\/span><\/span><\/td>\n<td align=\"right\" width=\"15\" height=\"20\"><\/td>\n<td align=\"right\" height=\"20\"><\/td>\n<\/tr>\n<tr align=\"right\">\n<td align=\"right\" width=\"266\" height=\"20\"><\/td>\n<td align=\"right\" width=\"15\" height=\"20\"><\/td>\n<td align=\"right\" height=\"20\"><\/td>\n<\/tr>\n<tr align=\"right\">\n<td align=\"left\" width=\"266\" height=\"20\"><img loading=\"lazy\" decoding=\"async\" src=\"..\/medien\/kuenstlerinnen\/gasNichtsInstallDJ01a.jpg\" alt=\"Draga Jovanovic (SRB), &quot;Your self is a reflection of myself&quot;, 2012\" width=\"250\" height=\"250\" border=\"0\" \/><\/p>\n<p><img loading=\"lazy\" decoding=\"async\" src=\"..\/medien\/kuenstlerinnen\/gasNichtsInstallDJ01b.jpg\" alt=\"Draga Jovanovic (SRB), &quot;Your self is a reflection of myself&quot;, 2012\" width=\"250\" height=\"250\" border=\"0\" \/><\/td>\n<td align=\"right\" width=\"15\" height=\"20\"><\/td>\n<td align=\"left\" valign=\"bottom\" height=\"20\">\n<div class=\"text\"><span class=\"text\"><strong>Draga Jovanovic<br \/>\n<\/strong>wurde 1977 in Serbien geboren. Sie studierte an der Universit\u00e4t Novi Sad (Academy of Fine\u00a0Arts) und schloss mit Bachelor in Malerei, Zeichnung, Bildhauerei und\u00a0Grafik 1999 ab. Ihr Diplom f\u00fcr Malerei, Photografie und Video\u00a0machte sie dann in Deutschland an der Kunsthochschule Kassel und\u00a0assistierte von 2002-2003 bei Prof. Kurt Haug. Danach verlie\u00df Jovanovic Europa, um in Toronto (Kanada) zu leben und zu arbeiten.<br \/>\nDraga Jovanovic hat an verschiedensten Projekten und internationalen<br \/>\nAusstellungen in Serbien, Griechenland, England,\u00a0Deutschland, Portugal, Irland, Montenegro, Bulgarien, Kanada, USA,\u00a0Mexiko u.a. teilgenommen. F\u00fcr ihre Arbeiten verwendet sie verschiedene\u00a0mediale Mittel, Malerei, Photographie und Video und\u00a0kombiniert sie mit Text, der als politisches oder philosophisches\u00a0Statement fungiert. H\u00e4ufig w\u00e4hlt sie das Stilmittel Portrait, aber nicht\u00a0um ein Abbild von einer Person zu schaffen, sondern vielmehr um\u00a0einzudringen; einzudringen in die Person, die eine Verk\u00f6rperung des<br \/>\nLebens, des Seins darstellt.<\/span><\/div>\n<\/td>\n<\/tr>\n<tr align=\"right\">\n<td align=\"left\" width=\"266\" height=\"20\">Draga Jovanovic (SRB),<br \/>\n&#8222;Your self is a reflection of myself&#8220;, 2012<br \/>\nzwei Fotos, je 65 x 43 cm, gerahmt Aluminium, Glas, je 80 x 60 cm<\/td>\n<td align=\"right\" width=\"15\" height=\"20\"><\/td>\n<td align=\"right\" height=\"20\"><\/td>\n<\/tr>\n<tr align=\"right\">\n<td align=\"right\" width=\"266\" height=\"20\"><\/td>\n<td align=\"right\" width=\"15\" height=\"20\"><\/td>\n<td align=\"right\" height=\"20\"><\/td>\n<\/tr>\n<tr align=\"right\">\n<td align=\"left\" valign=\"bottom\" width=\"266\" height=\"20\">\n<div><img loading=\"lazy\" decoding=\"async\" src=\"..\/medien\/Portrait\/p.jb01.jpg\" alt=\"Johannes Booz\" width=\"250\" height=\"406\" border=\"0\" \/><\/div>\n<\/td>\n<td align=\"right\" width=\"15\" height=\"20\"><\/td>\n<td align=\"left\" valign=\"bottom\" height=\"20\"><span class=\"text\"><strong>Johannes Booz<br \/>\n<\/strong> Portraits von arbeitslosen Jugendlichen f\u00fcr die &#8222;Jugendhilfe K\u00f6ln&#8220;. 5 Jahre Kunststudent, 15 Jahre art director, 25 Jahre Fotograf.<\/span><\/td>\n<\/tr>\n<tr align=\"right\">\n<td align=\"left\" width=\"266\" height=\"20\"><span class=\"text\">Mit dem R\u00fccken zur Wand, 2005,<br \/>\n<\/span>Fotos je 100 x 130 cm, Deutschland<\/td>\n<td align=\"right\" width=\"15\" height=\"20\"><\/td>\n<td align=\"right\" height=\"20\"><\/td>\n<\/tr>\n<tr align=\"right\">\n<td align=\"right\" width=\"266\" height=\"20\"><\/td>\n<td align=\"right\" width=\"15\" height=\"20\"><\/td>\n<td align=\"right\" height=\"20\"><\/td>\n<\/tr>\n<tr align=\"right\">\n<td align=\"left\" valign=\"bottom\" width=\"266\">\n<div><img loading=\"lazy\" decoding=\"async\" src=\"..\/medien\/eMOTION\/pict\/born.jpg\" alt=\"Thomas born\" width=\"157\" height=\"266\" border=\"0\" \/><\/div>\n<\/td>\n<td align=\"right\" width=\"15\"><\/td>\n<td align=\"left\" valign=\"bottom\">\n<div class=\"text\"><strong><br \/>\nThomas Born<\/strong><br \/>\nMediendesigner und Medienk\u00fcnstler, befasst sich u.a. mit den Bestimmungen des menschlichen K\u00f6rpers in seinen Bez\u00fcgen zur wachsenden Mediatisierung unserer Welt. Dabei bildet die Untersuchung der Eigenwahrnehmung und ihre visuelle Transformation ins Bildmediale einen besonderen Schwerpunkt. In diesem Kontext ist u.a. auch Chen Taijiquan ein Bestandteil seiner k\u00fcnstlerischen Arbeit. Atelier Medienkunst zusammen mit Anna Elisa Heine seit 1980. Thomas Born lehrt seit 20 Jahren in Design und Kunst an deutschen Hochschulen, seit 1995 Multimedia\/Digitale Medien und Fotografie an der HTW Berlin.<\/div>\n<\/td>\n<\/tr>\n<tr align=\"right\">\n<td align=\"left\" width=\"266\" height=\"23\"><span class=\"text\"><span class=\"text\">Bambangs Qigong,<br \/>\n73 x 42 cm Pigment-Inkjet-Druck Edition bildo \/8\u2018\/5\u2018<\/span><\/span><\/td>\n<td width=\"15\" height=\"23\"><\/td>\n<td align=\"left\" height=\"23\"><\/td>\n<\/tr>\n<tr align=\"right\">\n<td width=\"266\" height=\"20\"><\/td>\n<td width=\"15\" height=\"20\"><\/td>\n<td height=\"20\"><\/td>\n<\/tr>\n<tr align=\"right\">\n<td align=\"left\" valign=\"bottom\" width=\"266\">\n<div><img loading=\"lazy\" decoding=\"async\" src=\"..\/medien\/eMOTION\/pict\/hacklkl.jpg\" alt=\"Ronald Hakel\" width=\"250\" height=\"180\" border=\"0\" \/><\/div>\n<\/td>\n<td width=\"15\"><\/td>\n<td align=\"left\" valign=\"bottom\">\n<div class=\"text\"><strong>Ronald Hakel<\/strong><br \/>\nlebt und arbeitet in Wien. \u201eKates glowing room\u201c besch\u00e4ftigt sich mit der Exposition von Intimit\u00e4t und Privatheit, dem zur Schau stellen dessen was im Regelfall versteckt, vor fremden Blicken gesch\u00fctzt und nur speziellen, das Vertrauen der Person genie\u00dfenden Menschen offenbart wird. Couch aus der Serie Kates glowing room.<\/div>\n<\/td>\n<\/tr>\n<tr>\n<td align=\"left\" width=\"266\"><span class=\"text\">Couch, 2008, aus der Serie &#8222;Kates glowing room&#8220;, 200&#215;150 cm, C-PRINT<\/span><\/td>\n<td width=\"15\"><\/td>\n<td align=\"left\"><\/td>\n<\/tr>\n<tr>\n<td align=\"left\" width=\"266\" height=\"20\"><\/td>\n<td width=\"15\" height=\"20\"><\/td>\n<td align=\"left\" height=\"20\"><\/td>\n<\/tr>\n<tr>\n<td align=\"left\" valign=\"bottom\" width=\"266\"><img loading=\"lazy\" decoding=\"async\" src=\"..\/medien\/archiv\/Chaos.ea.tx.jpg\" alt=\"Elisa Asenbaum &amp; Tomax\" width=\"250\" height=\"187\" border=\"0\" \/><\/p>\n<p><span class=\"text\">Am Kipppunkt von Mikro- zu Makrokosmos: 100 Entscheidungen in 6 Minuten, 2009, Mixed Media, Installationsansicht mit Aktionsvideo 3:00 min, 4 dig. Prints auf Alu-Dibond je 45 x 60 cm<\/span><\/td>\n<td width=\"15\"><\/td>\n<td align=\"left\" valign=\"bottom\"><span class=\"text\"><strong>Elisa Asenbaum &amp; Tomax<br \/>\n<\/strong> Die K\u00fcnstler thematisieren in der Arbeit die Dynamik einer Entscheidung. Was gibt den Ausschlag f\u00fcr ein klares Ja oder Nein? Welche Dynamiken sind am Werk bis es zu einem eindeutigen Ja oder Nein kommt? Anzunehmen ist, dass es ein sehr komplexer Vorgang sein muss, an dem viele Faktoren bis in die kleinste Mikroebene beteiligt sind. Entscheidungen zu treffen, ist eine \u00fcberlebensnotwendige Handlungsstrategie f\u00fcr jedes Lebewesen.Elisa Asenbaum studierte an der Hochschule f\u00fcr Angewandte Kunst Wien. Ihre Arbeit f\u00fchrte sie in die Auseinandersetzung mit verschiedensten Medien. Malerei, Grafik, Raum- und Klanginstallationen, Musik- und Schreibprojekte, Video, Aktionskunst, Performances im \u00f6ffentlichem Raum sowie Gemeinschaftsprojekte. 2008 Mitgr\u00fcnderin der G.A.S-station in Berlin.<br \/>\nTomax (Thomas Maximilian Stuck), 1961 in \u00d6sterreich geboren, Autodidakt. Besch\u00e4ftigt sich k\u00fcnstlerisch mit visuellen und digitalen Medien: Computer, Fotografie, Internet, Malerei, Ton, Sampler und Video. Gemeinsame Projekte mit Elisa Asenbaum ab 1986. Seit 1998 unter dem Namen G.A.S (Grafic Art &amp; Sound) Entwicklungen k\u00fcnstlerischer Projekte sowie Umsetzung grafischer und webbasierender Konzepte. 2008 Mitgr\u00fcnder der G.A.S-station in Berlin.<\/span><\/td>\n<\/tr>\n<tr>\n<td width=\"266\" height=\"20\"><\/td>\n<td width=\"15\" height=\"20\"><\/td>\n<td height=\"20\"><\/td>\n<\/tr>\n<\/tbody>\n<\/table>\n","protected":false},"excerpt":{"rendered":"<p>Arnold Reinisch &#8222;Desperate Housewives \u2013 Carmen&#8220; stammt aus der st\u00e4ndig in Erweiterung befindlichen Werkgruppe Resurr\u20ac\u00a9tion. Resurr\u20ac\u00a9tion ist eine ironisch-zynische Paraphrase auf biogenetische Forschung und Entwicklung. In Arnold Reinischs Arbeiten erscheinen Haushaltsger\u00e4te und andere Maschinen als biomorphe Wesen und nehmen individuelle Z\u00fcge an. Die hier gezeigte Carmen tr\u00e4gt ein Tatoo, das beliebte Hirschgeweih, auf ihren Lenden [&hellip;]<\/p>\n","protected":false},"author":4,"featured_media":0,"parent":0,"menu_order":2,"comment_status":"closed","ping_status":"open","template":"","meta":{"ocean_post_layout":"","ocean_both_sidebars_style":"","ocean_both_sidebars_content_width":0,"ocean_both_sidebars_sidebars_width":0,"ocean_sidebar":"0","ocean_second_sidebar":"0","ocean_disable_margins":"enable","ocean_add_body_class":"","ocean_shortcode_before_top_bar":"","ocean_shortcode_after_top_bar":"","ocean_shortcode_before_header":"","ocean_shortcode_after_header":"","ocean_has_shortcode":"","ocean_shortcode_after_title":"","ocean_shortcode_before_footer_widgets":"","ocean_shortcode_after_footer_widgets":"","ocean_shortcode_before_footer_bottom":"","ocean_shortcode_after_footer_bottom":"","ocean_display_top_bar":"default","ocean_display_header":"default","ocean_header_style":"","ocean_center_header_left_menu":"0","ocean_custom_header_template":"0","ocean_custom_logo":0,"ocean_custom_retina_logo":0,"ocean_custom_logo_max_width":0,"ocean_custom_logo_tablet_max_width":0,"ocean_custom_logo_mobile_max_width":0,"ocean_custom_logo_max_height":0,"ocean_custom_logo_tablet_max_height":0,"ocean_custom_logo_mobile_max_height":0,"ocean_header_custom_menu":"0","ocean_menu_typo_font_family":"0","ocean_menu_typo_font_subset":"","ocean_menu_typo_font_size":0,"ocean_menu_typo_font_size_tablet":0,"ocean_menu_typo_font_size_mobile":0,"ocean_menu_typo_font_size_unit":"px","ocean_menu_typo_font_weight":"","ocean_menu_typo_font_weight_tablet":"","ocean_menu_typo_font_weight_mobile":"","ocean_menu_typo_transform":"","ocean_menu_typo_transform_tablet":"","ocean_menu_typo_transform_mobile":"","ocean_menu_typo_line_height":0,"ocean_menu_typo_line_height_tablet":0,"ocean_menu_typo_line_height_mobile":0,"ocean_menu_typo_line_height_unit":"","ocean_menu_typo_spacing":0,"ocean_menu_typo_spacing_tablet":0,"ocean_menu_typo_spacing_mobile":0,"ocean_menu_typo_spacing_unit":"","ocean_menu_link_color":"","ocean_menu_link_color_hover":"","ocean_menu_link_color_active":"","ocean_menu_link_background":"","ocean_menu_link_hover_background":"","ocean_menu_link_active_background":"","ocean_menu_social_links_bg":"","ocean_menu_social_hover_links_bg":"","ocean_menu_social_links_color":"","ocean_menu_social_hover_links_color":"","ocean_disable_title":"default","ocean_disable_heading":"default","ocean_post_title":"","ocean_post_subheading":"","ocean_post_title_style":"","ocean_post_title_background_color":"","ocean_post_title_background":0,"ocean_post_title_bg_image_position":"","ocean_post_title_bg_image_attachment":"","ocean_post_title_bg_image_repeat":"","ocean_post_title_bg_image_size":"","ocean_post_title_height":0,"ocean_post_title_bg_overlay":0.5,"ocean_post_title_bg_overlay_color":"","ocean_disable_breadcrumbs":"default","ocean_breadcrumbs_color":"","ocean_breadcrumbs_separator_color":"","ocean_breadcrumbs_links_color":"","ocean_breadcrumbs_links_hover_color":"","ocean_display_footer_widgets":"default","ocean_display_footer_bottom":"default","ocean_custom_footer_template":"0","footnotes":""},"class_list":["post-83","page","type-page","status-publish","hentry","entry"],"_links":{"self":[{"href":"https:\/\/www.2gas-station.net\/2gas-stationblog\/index.php?rest_route=\/wp\/v2\/pages\/83","targetHints":{"allow":["GET"]}}],"collection":[{"href":"https:\/\/www.2gas-station.net\/2gas-stationblog\/index.php?rest_route=\/wp\/v2\/pages"}],"about":[{"href":"https:\/\/www.2gas-station.net\/2gas-stationblog\/index.php?rest_route=\/wp\/v2\/types\/page"}],"author":[{"embeddable":true,"href":"https:\/\/www.2gas-station.net\/2gas-stationblog\/index.php?rest_route=\/wp\/v2\/users\/4"}],"replies":[{"embeddable":true,"href":"https:\/\/www.2gas-station.net\/2gas-stationblog\/index.php?rest_route=%2Fwp%2Fv2%2Fcomments&post=83"}],"version-history":[{"count":33,"href":"https:\/\/www.2gas-station.net\/2gas-stationblog\/index.php?rest_route=\/wp\/v2\/pages\/83\/revisions"}],"predecessor-version":[{"id":1918,"href":"https:\/\/www.2gas-station.net\/2gas-stationblog\/index.php?rest_route=\/wp\/v2\/pages\/83\/revisions\/1918"}],"wp:attachment":[{"href":"https:\/\/www.2gas-station.net\/2gas-stationblog\/index.php?rest_route=%2Fwp%2Fv2%2Fmedia&parent=83"}],"curies":[{"name":"wp","href":"https:\/\/api.w.org\/{rel}","templated":true}]}}